{"id":7407,"date":"2017-02-09T14:04:48","date_gmt":"2017-02-09T14:04:48","guid":{"rendered":"https:\/\/olympic-hellas.gr\/contact\/"},"modified":"2021-02-15T17:15:42","modified_gmt":"2021-02-15T14:15:42","slug":"kontaktinformationen","status":"publish","type":"page","link":"https:\/\/olympic-hellas.gr\/de\/kontaktinformationen\/","title":{"rendered":"Kontaktinformationen"},"content":{"rendered":"<div class=\"wpb-content-wrapper\"><p>[vc_row full_width=&#8221;stretch_row_content_no_spaces&#8221;][vc_column][vc_gmaps link=&#8221;#E-8_JTNDaWZyYW1lJTIwc3JjJTNEJTIyaHR0cHMlM0ElMkYlMkZ3d3cuZ29vZ2xlLmNvbSUyRm1hcHMlMkZlbWJlZCUzRnBiJTNEJTIxMW0xNCUyMTFtOCUyMTFtMyUyMTFkMTIxMDEuNTkxNzI4OTU2MzglMjEyZDIyLjgwMjA0MDIlMjEzZDQwLjY4NzIzMjklMjEzbTIlMjExaTEwMjQlMjEyaTc2OCUyMTRmMTMuMSUyMTNtMyUyMTFtMiUyMTFzMHgwJTI1M0EweDAlMjEyek5ERENzRFF4SnpFNUxqUWlUaUF5TXNLd05EZ25OVGt1T0NKRiUyMTVlMCUyMTNtMiUyMTFzZW4lMjEyc2dyJTIxNHYxNjEzMDMwNzIxNDIzJTIxNW0yJTIxMXNlbiUyMTJzZ3IlMjIlMjB3aWR0aCUzRCUyMjYwMCUyMiUyMGhlaWdodCUzRCUyMjQ1MCUyMiUyMGZyYW1lYm9yZGVyJTNEJTIyMCUyMiUyMHN0eWxlJTNEJTIyYm9yZGVyJTNBMCUzQiUyMiUyMGFsbG93ZnVsbHNjcmVlbiUzRCUyMiUyMiUyMGFyaWEtaGlkZGVuJTNEJTIyZmFsc2UlMjIlMjB0YWJpbmRleCUzRCUyMjAlMjIlM0UlM0MlMkZpZnJhbWUlM0U=&#8221;][\/vc_column][\/vc_row][vc_row css=&#8221;.vc_custom_1613033696151{margin-top: 50px !important;margin-bottom: 20px !important;}&#8221;][vc_column css=&#8221;.vc_custom_1485424286916{margin-bottom: 30px !important;}&#8221; offset=&#8221;vc_col-lg-4&#8243;][vc_column_text el_class=&#8221;border_base_color&#8221; css=&#8221;.vc_custom_1613398511512{margin-bottom: 28px !important;border-bottom-width: 3px !important;padding-bottom: 32px !important;border-bottom-color: #0aad4b !important;border-bottom-style: solid !important;}&#8221;]Z\u00f6gern Sie sich nicht, uns Ihre Nachricht f\u00fcr Ihre Fragen zu senden![\/vc_column_text][stm_contacts_widget style=&#8221;style_4&#8243; email=&#8221;info@olympic-hellas.gr&#8221; title=&#8221;Kontaktdetails&#8221; address=&#8221;Sindos Industriegebiet, 57022<br \/>\nThessaloniki&#8221; phone=&#8221;+30 2310 780 811&#8243; facebook=&#8221;#&#8221; twitter=&#8221;#&#8221; linkedin=&#8221;#&#8221; fax=&#8221;+30 2310 784 408&#8243;][\/vc_column][vc_column css=&#8221;.vc_custom_1485424295749{margin-bottom: 30px !important;}&#8221; offset=&#8221;vc_col-lg-8&#8243;]\n<div class=\"wpcf7 no-js\" id=\"wpcf7-f7137-o1\" lang=\"en-US\" dir=\"ltr\" data-wpcf7-id=\"7137\">\n<div class=\"screen-reader-response\"><p role=\"status\" aria-live=\"polite\" aria-atomic=\"true\"><\/p> <ul><\/ul><\/div>\n<form action=\"\/de\/wp-json\/wp\/v2\/pages\/7407#wpcf7-f7137-o1\" method=\"post\" class=\"wpcf7-form init\" aria-label=\"Contact form\" novalidate=\"novalidate\" data-status=\"init\">\n<div style=\"display: none;\">\n<input type=\"hidden\" name=\"_wpcf7\" value=\"7137\" \/>\n<input type=\"hidden\" name=\"_wpcf7_version\" value=\"6.0.6\" \/>\n<input type=\"hidden\" name=\"_wpcf7_locale\" value=\"en_US\" \/>\n<input type=\"hidden\" name=\"_wpcf7_unit_tag\" value=\"wpcf7-f7137-o1\" \/>\n<input type=\"hidden\" name=\"_wpcf7_container_post\" value=\"0\" \/>\n<input type=\"hidden\" name=\"_wpcf7_posted_data_hash\" value=\"\" \/>\n<input type=\"hidden\" name=\"_wpcf7_recaptcha_response\" value=\"\" \/>\n<\/div>\n<div class=\"contact_us\">\nWenn Sie \u00fcber Ihre gespeicherten pers\u00f6nlichen Daten informiert werden m\u00f6chten  (DSGVO) wie die personenbezogenen Daten der Einwohner der Europa Union verwalten werden, k\u00f6nnen Sie uns ein E-Mail senden.\n    <div class=\"row\">\n        <div class=\"col-lg-6 col-md-6 col-sm-6 col-xs-12\">\n            <div class=\"input-group\">\n                <span class=\"wpcf7-form-control-wrap\" data-name=\"your-message\"><textarea cols=\"40\" rows=\"10\" maxlength=\"2000\" class=\"wpcf7-form-control wpcf7-textarea\" aria-invalid=\"false\" placeholder=\"Ihre Nachricht *\" name=\"your-message\"><\/textarea><\/span>\n            <\/div>\n        <\/div>\n        <div class=\"col-lg-6 col-md-6 col-sm-6 col-xs-12\">\n            <div class=\"input-group\">\n                <span class=\"wpcf7-form-control-wrap\" data-name=\"your-name\"><input size=\"40\" maxlength=\"400\" class=\"wpcf7-form-control wpcf7-text wpcf7-validates-as-required\" aria-required=\"true\" aria-invalid=\"false\" placeholder=\"Name *\" value=\"\" type=\"text\" name=\"your-name\" \/><\/span>\n            <\/div>\n            <div class=\"input-group\">\n                <span class=\"wpcf7-form-control-wrap\" data-name=\"your-email\"><input size=\"40\" maxlength=\"400\" class=\"wpcf7-form-control wpcf7-email wpcf7-validates-as-required wpcf7-text wpcf7-validates-as-email\" aria-required=\"true\" aria-invalid=\"false\" placeholder=\"E-mail *\" value=\"\" type=\"email\" name=\"your-email\" \/><\/span>\n            <\/div>\n            <div class=\"input-group\">\n                <span class=\"wpcf7-form-control-wrap\" data-name=\"your-phone\"><input size=\"40\" maxlength=\"400\" class=\"wpcf7-form-control wpcf7-tel wpcf7-validates-as-required wpcf7-text wpcf7-validates-as-tel\" aria-required=\"true\" aria-invalid=\"false\" placeholder=\"Telefonnummer *\" value=\"\" type=\"tel\" name=\"your-phone\" \/><\/span>\n            <\/div>\n        <\/div>\n<div class=\"input-group\">\n<span class=\"wpcf7-form-control-wrap\" data-name=\"acceptance-601\"><span class=\"wpcf7-form-control wpcf7-acceptance\"><span class=\"wpcf7-list-item\"><label><input type=\"checkbox\" name=\"acceptance-601\" value=\"1\" aria-invalid=\"false\" \/><span class=\"wpcf7-list-item-label\">Bitte kreuzen Sie an, um zuzustimmen, dass Ihre Daten gem\u00e4\u00df den Richtlinien der neuen Europ\u00e4ischen Allgemeinen Datenschutzverordnung (DSGVO) \u00fcber den Umgang mit personenbezogenen Daten von EU-B\u00fcrgern gespeichert werden<\/span><\/label><\/span><\/span><\/span>\n<\/div>\n    <\/div>\n    <div class=\"input-group text-center\">\n      <button type=\"submit\" class=\"button theme_style_4 size-lg bordered icon_right\">Senden <i class=\"fa fa-chevron-right\"><\/i><\/button>\n    <\/div>\n<\/div><div class=\"wpcf7-response-output\" aria-hidden=\"true\"><\/div>\n<\/form>\n<\/div>\n[\/vc_column][\/vc_row]<\/p>\n<\/div>","protected":false},"excerpt":{"rendered":"<p>[vc_row full_width=&#8221;stretch_row_content_no_spaces&#8221;][vc_column][vc_gmaps link=&#8221;#E-8_JTNDaWZyYW1lJTIwc3JjJTNEJTIyaHR0cHMlM0ElMkYlMkZ3d3cuZ29vZ2xlLmNvbSUyRm1hcHMlMkZlbWJlZCUzRnBiJTNEJTIxMW0xNCUyMTFtOCUyMTFtMyUyMTFkMTIxMDEuNTkxNzI4OTU2MzglMjEyZDIyLjgwMjA0MDIlMjEzZDQwLjY4NzIzMjklMjEzbTIlMjExaTEwMjQlMjEyaTc2OCUyMTRmMTMuMSUyMTNtMyUyMTFtMiUyMTFzMHgwJTI1M0EweDAlMjEyek5ERENzRFF4SnpFNUxqUWlUaUF5TXNLd05EZ25OVGt1T0NKRiUyMTVlMCUyMTNtMiUyMTFzZW4lMjEyc2dyJTIxNHYxNjEzMDMwNzIxNDIzJTIxNW0yJTIxMXNlbiUyMTJzZ3IlMjIlMjB3aWR0aCUzRCUyMjYwMCUyMiUyMGhlaWdodCUzRCUyMjQ1MCUyMiUyMGZyYW1lYm9yZGVyJTNEJTIyMCUyMiUyMHN0eWxlJTNEJTIyYm9yZGVyJTNBMCUzQiUyMiUyMGFsbG93ZnVsbHNjcmVlbiUzRCUyMiUyMiUyMGFyaWEtaGlkZGVuJTNEJTIyZmFsc2UlMjIlMjB0YWJpbmRleCUzRCUyMjAlMjIlM0UlM0MlMkZpZnJhbWUlM0U=&#8221;][\/vc_column][\/vc_row][vc_row css=&#8221;.vc_custom_1613033696151{margin-top: 50px !important;margin-bottom: 20px !important;}&#8221;][vc_column css=&#8221;.vc_custom_1485424286916{margin-bottom: 30px !important;}&#8221; offset=&#8221;vc_col-lg-4&#8243;][vc_column_text el_class=&#8221;border_base_color&#8221; css=&#8221;.vc_custom_1613398511512{margin-bottom: 28px !important;border-bottom-width: 3px !important;padding-bottom: 32px !important;border-bottom-color: #0aad4b !important;border-bottom-style: solid !important;}&#8221;]Z\u00f6gern Sie sich nicht, uns Ihre Nachricht f\u00fcr Ihre Fragen zu senden![\/vc_column_text][stm_contacts_widget style=&#8221;style_4&#8243; email=&#8221;info@olympic-hellas.gr&#8221; title=&#8221;Kontaktdetails&#8221; address=&#8221;Sindos Industriegebiet, 57022 Thessaloniki&#8221; phone=&#8221;+30 2310 780 811&#8243; facebook=&#8221;#&#8221; twitter=&#8221;#&#8221; linkedin=&#8221;#&#8221; fax=&#8221;+30 2310 784 408&#8243;][\/vc_column][vc_column css=&#8221;.vc_custom_1485424295749{margin-bottom: 30px<\/p>\n","protected":false},"author":1,"featured_media":0,"parent":0,"menu_order":0,"comment_status":"closed","ping_status":"closed","template":"","meta":{"footnotes":""},"class_list":["post-7407","page","type-page","status-publish","hentry"],"_links":{"self":[{"href":"https:\/\/olympic-hellas.gr\/de\/wp-json\/wp\/v2\/pages\/7407","targetHints":{"allow":["GET"]}}],"collection":[{"href":"https:\/\/olympic-hellas.gr\/de\/wp-json\/wp\/v2\/pages"}],"about":[{"href":"https:\/\/olympic-hellas.gr\/de\/wp-json\/wp\/v2\/types\/page"}],"author":[{"embeddable":true,"href":"https:\/\/olympic-hellas.gr\/de\/wp-json\/wp\/v2\/users\/1"}],"replies":[{"embeddable":true,"href":"https:\/\/olympic-hellas.gr\/de\/wp-json\/wp\/v2\/comments?post=7407"}],"version-history":[{"count":2,"href":"https:\/\/olympic-hellas.gr\/de\/wp-json\/wp\/v2\/pages\/7407\/revisions"}],"predecessor-version":[{"id":7409,"href":"https:\/\/olympic-hellas.gr\/de\/wp-json\/wp\/v2\/pages\/7407\/revisions\/7409"}],"wp:attachment":[{"href":"https:\/\/olympic-hellas.gr\/de\/wp-json\/wp\/v2\/media?parent=7407"}],"curies":[{"name":"wp","href":"https:\/\/api.w.org\/{rel}","templated":true}]}}