{"id":7402,"date":"2021-02-10T12:16:26","date_gmt":"2021-02-10T09:16:26","guid":{"rendered":"https:\/\/olympic-hellas.gr\/ipiresies\/"},"modified":"2021-02-15T21:28:53","modified_gmt":"2021-02-15T18:28:53","slug":"leistungen","status":"publish","type":"page","link":"https:\/\/olympic-hellas.gr\/de\/leistungen\/","title":{"rendered":"Leistungen"},"content":{"rendered":"<div class=\"wpb-content-wrapper\"><p>[vc_row][vc_column width=&#8221;1\/2&#8243;][stm_icon_box title_color=&#8221;custom&#8221; icon=&#8221;stm-truck&#8221; style=&#8221;icon_left&#8221; icon_size=&#8221;18&#8243; icon_color=&#8221;custom&#8221; icon_bg_color=&#8221;custom&#8221; title=&#8221;Landverkehre&#8221; title_font_size=&#8221;25&#8243; title_color_custom=&#8221;#0aad4b&#8221; icon_color_custom=&#8221;#ffffff&#8221; icon_bg_color_custom=&#8221;#0aad4b&#8221;]<\/p>\n<p style=\"text-align: justify;\">Mit Hauptsitz im Sindos Thessaloniki und ein Netzwerk von vertauensw\u00fcrdigen Partnern haben wir die M\u00f6glichkeit Transporte in ganz Europa durchzuf\u00fchren.<\/p>\n<ul>\n<li style=\"list-style-type: none;\">\n<ul>\n<li><strong>Teilladugen (LTL)<\/strong><\/li>\n<\/ul>\n<\/li>\n<\/ul>\n<ul>\n<li style=\"list-style-type: none;\">\n<ul>\n<li><strong>Komplettladungen (FTL)<\/strong><\/li>\n<\/ul>\n<\/li>\n<\/ul>\n<ul>\n<li style=\"list-style-type: none;\">\n<ul>\n<li><strong>Gefahrguttransporte (ADR)<\/strong><\/li>\n<\/ul>\n<\/li>\n<\/ul>\n<ul>\n<li style=\"list-style-type: none;\">\n<ul>\n<li><strong>Warensortierung &#8211; Palettieren<\/strong><\/li>\n<\/ul>\n<\/li>\n<\/ul>\n<ul>\n<li style=\"list-style-type: none;\">\n<ul>\n<li><strong>Lagerung &#8211; Verteilung<\/strong><\/li>\n<\/ul>\n<\/li>\n<\/ul>\n<ul>\n<li style=\"list-style-type: none;\">\n<ul>\n<li><strong>Privatfahrzeuge f\u00fcr t\u00e4gliche T\u00fcr zu T\u00fcr (door to door) Lieferung<\/strong><\/li>\n<\/ul>\n<\/li>\n<\/ul>\n<ul>\n<li style=\"list-style-type: none;\">\n<ul>\n<li><strong>Lieferm\u00f6glichkeit mit hydraulische T\u00fcr<\/strong><\/li>\n<\/ul>\n<\/li>\n<\/ul>\n<ul>\n<li style=\"list-style-type: none;\">\n<ul>\n<li><strong>CMR-Versicherung<\/strong><\/li>\n<\/ul>\n<\/li>\n<\/ul>\n<ul>\n<li style=\"list-style-type: none;\">\n<ul>\n<li><strong>24\/7 Update \u00fcber den Status Ihrer Sendung<\/strong><\/li>\n<\/ul>\n<\/li>\n<\/ul>\n<p>[\/stm_icon_box][vc_separator][stm_icon_box title_color=&#8221;custom&#8221; icon=&#8221;stm-airplane&#8221; style=&#8221;icon_left&#8221; icon_size=&#8221;18&#8243; icon_color=&#8221;custom&#8221; icon_bg_color=&#8221;custom&#8221; title=&#8221;See und Luftverkehr&#8221; title_font_size=&#8221;25&#8243; title_color_custom=&#8221;#0aad4b&#8221; icon_bg_color_custom=&#8221;#0aad4b&#8221; icon_color_custom=&#8221;#ffffff&#8221;]<\/p>\n<p style=\"text-align: justify;\">In Zusammenarbeit mit unserem Partnernetzwerk k\u00f6nnen wir Ihnen die g\u00fcnstigste und ideale L\u00f6sung f\u00fcr Ihre wettbewerbsf\u00e4higes anbieten.<\/p>\n<p>[\/stm_icon_box][\/vc_column][vc_column width=&#8221;1\/2&#8243;][vc_empty_space height=&#8221;100px&#8221;][vc_single_image image=&#8221;7305&#8243; img_size=&#8221;full&#8221; alignment=&#8221;center&#8221;][\/vc_column][\/vc_row]<\/p>\n<\/div>","protected":false},"excerpt":{"rendered":"<p>[vc_row][vc_column width=&#8221;1\/2&#8243;][stm_icon_box title_color=&#8221;custom&#8221; icon=&#8221;stm-truck&#8221; style=&#8221;icon_left&#8221; icon_size=&#8221;18&#8243; icon_color=&#8221;custom&#8221; icon_bg_color=&#8221;custom&#8221; title=&#8221;Landverkehre&#8221; title_font_size=&#8221;25&#8243; title_color_custom=&#8221;#0aad4b&#8221; icon_color_custom=&#8221;#ffffff&#8221; icon_bg_color_custom=&#8221;#0aad4b&#8221;] Mit Hauptsitz im Sindos Thessaloniki und ein Netzwerk von vertauensw\u00fcrdigen Partnern haben wir die M\u00f6glichkeit Transporte in ganz Europa durchzuf\u00fchren. Teilladugen (LTL) Komplettladungen (FTL) Gefahrguttransporte (ADR) Warensortierung &#8211; Palettieren Lagerung &#8211; Verteilung Privatfahrzeuge f\u00fcr t\u00e4gliche T\u00fcr zu T\u00fcr (door to door) Lieferung<\/p>\n","protected":false},"author":1,"featured_media":0,"parent":0,"menu_order":0,"comment_status":"closed","ping_status":"closed","template":"","meta":{"footnotes":""},"class_list":["post-7402","page","type-page","status-publish","hentry"],"_links":{"self":[{"href":"https:\/\/olympic-hellas.gr\/de\/wp-json\/wp\/v2\/pages\/7402","targetHints":{"allow":["GET"]}}],"collection":[{"href":"https:\/\/olympic-hellas.gr\/de\/wp-json\/wp\/v2\/pages"}],"about":[{"href":"https:\/\/olympic-hellas.gr\/de\/wp-json\/wp\/v2\/types\/page"}],"author":[{"embeddable":true,"href":"https:\/\/olympic-hellas.gr\/de\/wp-json\/wp\/v2\/users\/1"}],"replies":[{"embeddable":true,"href":"https:\/\/olympic-hellas.gr\/de\/wp-json\/wp\/v2\/comments?post=7402"}],"version-history":[{"count":2,"href":"https:\/\/olympic-hellas.gr\/de\/wp-json\/wp\/v2\/pages\/7402\/revisions"}],"predecessor-version":[{"id":7424,"href":"https:\/\/olympic-hellas.gr\/de\/wp-json\/wp\/v2\/pages\/7402\/revisions\/7424"}],"wp:attachment":[{"href":"https:\/\/olympic-hellas.gr\/de\/wp-json\/wp\/v2\/media?parent=7402"}],"curies":[{"name":"wp","href":"https:\/\/api.w.org\/{rel}","templated":true}]}}