{"id":7399,"date":"2017-02-09T14:23:01","date_gmt":"2017-02-09T14:23:01","guid":{"rendered":"https:\/\/olympic-hellas.gr\/company\/"},"modified":"2021-02-15T17:08:23","modified_gmt":"2021-02-15T14:08:23","slug":"unternehmen","status":"publish","type":"page","link":"https:\/\/olympic-hellas.gr\/de\/unternehmen\/","title":{"rendered":"Unternehmen"},"content":{"rendered":"<div class=\"wpb-content-wrapper\"><p>[vc_row][vc_column width=&#8221;1\/2&#8243;][vc_column_text css=&#8221;.vc_custom_1612947992525{margin-bottom: 25px !important;}&#8221; el_class=&#8221;under_none&#8221;]<\/p>\n<h6 style=\"font-weight: 400; line-height: 26px;\">Olympic Hellas<\/h6>\n<p>[\/vc_column_text][vc_column_text]<\/p>\n<p style=\"text-align: justify;\">Ab 1975 war Andreas Kipouros im Bereich des internationalen Transports t\u00e4tig. So gr\u00fcndete er im Jahr 1982 die Olympic Hellas GmbH und 2009 wurden die Z\u00fcgel des Gesch\u00e4fts von seinen Kindern Alexander und Anna Kipourou \u00fcbernommen. Im Jahr 2019 wurde die neue Firma Olympic Hellas P.C. gegr\u00fcndet.<\/p>\n<p style=\"text-align: justify;\">Unser Hauptsitz befindet sich im Industriegebiet von Sindos in Thessaloniki, mit direktem Zugang zur Nationalstra\u00dfe, Egnatia-Stra\u00dfe und den Hafen von Thessaloniki.<\/p>\n<p style=\"text-align: justify;\">Basierend auf unsere langj\u00e4hrige Erfahrung ist unsere Priorit\u00e4t der rechtzeitige Service unser Kunden, mit Zuverl\u00e4ssigkeit, Best\u00e4ndigkeit und nat\u00fcrlich der sichere Warentransport.<\/p>\n<p>[\/vc_column_text][vc_column_text]<\/p>\n<blockquote style=\"background-color: #ffffff;\"><p><span style=\"color: #ffffff;\">Unser Ziel ist es, echte und langfristige Beziehung mit unseren Kunden aufzubauen<\/span><\/p><\/blockquote>\n<p>[\/vc_column_text][stm_spacing lg_spacing=&#8221;0&#8243; md_spacing=&#8221;0&#8243; sm_spacing=&#8221;40&#8243; xs_spacing=&#8221;40&#8243;][\/vc_column][vc_column width=&#8221;1\/2&#8243;][vc_empty_space height=&#8221;60px&#8221;][vc_single_image image=&#8221;7299&#8243; img_size=&#8221;full&#8221; alignment=&#8221;center&#8221;][\/vc_column][\/vc_row]<\/p>\n<\/div>","protected":false},"excerpt":{"rendered":"<p>[vc_row][vc_column width=&#8221;1\/2&#8243;][vc_column_text css=&#8221;.vc_custom_1612947992525{margin-bottom: 25px !important;}&#8221; el_class=&#8221;under_none&#8221;] Olympic Hellas [\/vc_column_text][vc_column_text] Ab 1975 war Andreas Kipouros im Bereich des internationalen Transports t\u00e4tig. So gr\u00fcndete er im Jahr 1982 die Olympic Hellas GmbH und 2009 wurden die Z\u00fcgel des Gesch\u00e4fts von seinen Kindern Alexander und Anna Kipourou \u00fcbernommen. Im Jahr 2019 wurde die neue Firma Olympic Hellas P.C.<\/p>\n","protected":false},"author":1,"featured_media":0,"parent":0,"menu_order":0,"comment_status":"closed","ping_status":"closed","template":"","meta":{"footnotes":""},"class_list":["post-7399","page","type-page","status-publish","hentry"],"_links":{"self":[{"href":"https:\/\/olympic-hellas.gr\/de\/wp-json\/wp\/v2\/pages\/7399","targetHints":{"allow":["GET"]}}],"collection":[{"href":"https:\/\/olympic-hellas.gr\/de\/wp-json\/wp\/v2\/pages"}],"about":[{"href":"https:\/\/olympic-hellas.gr\/de\/wp-json\/wp\/v2\/types\/page"}],"author":[{"embeddable":true,"href":"https:\/\/olympic-hellas.gr\/de\/wp-json\/wp\/v2\/users\/1"}],"replies":[{"embeddable":true,"href":"https:\/\/olympic-hellas.gr\/de\/wp-json\/wp\/v2\/comments?post=7399"}],"version-history":[{"count":1,"href":"https:\/\/olympic-hellas.gr\/de\/wp-json\/wp\/v2\/pages\/7399\/revisions"}],"predecessor-version":[{"id":7400,"href":"https:\/\/olympic-hellas.gr\/de\/wp-json\/wp\/v2\/pages\/7399\/revisions\/7400"}],"wp:attachment":[{"href":"https:\/\/olympic-hellas.gr\/de\/wp-json\/wp\/v2\/media?parent=7399"}],"curies":[{"name":"wp","href":"https:\/\/api.w.org\/{rel}","templated":true}]}}