{"id":7393,"date":"2015-12-14T07:14:55","date_gmt":"2015-12-14T07:14:55","guid":{"rendered":"https:\/\/olympic-hellas.gr\/sample-page-2\/"},"modified":"2021-02-17T11:17:15","modified_gmt":"2021-02-17T08:17:15","slug":"sample-page-2","status":"publish","type":"page","link":"https:\/\/olympic-hellas.gr\/de\/","title":{"rendered":"Startseite"},"content":{"rendered":"<div class=\"wpb-content-wrapper\"><p>[vc_row][vc_column][rev_slider_vc alias=&#8221;highlight-carousel7-en-1&#8243;][\/vc_column][\/vc_row][vc_row][vc_column][stm_spacing lg_spacing=&#8221;92&#8243; md_spacing=&#8221;92&#8243; sm_spacing=&#8221;92&#8243; xs_spacing=&#8221;65&#8243;][vc_row_inner content_placement=&#8221;middle&#8221;][vc_column_inner offset=&#8221;vc_col-lg-8 vc_col-md-8&#8243;][vc_custom_heading stripe_pos=&#8221;hide&#8221; text=&#8221;<i>\u00abTransport, unser Beruf\u00bb<\/i>&#8221; font_container=&#8221;tag:h2|font_size:30px|text_align:left&#8221; use_theme_fonts=&#8221;yes&#8221; el_class=&#8221;hide_indents mobile_align_center&#8221;][\/vc_column_inner][vc_column_inner el_class=&#8221;mobile_align_center&#8221; offset=&#8221;vc_col-lg-4 vc_col-md-4&#8243;][vc_column_text css=&#8221;.vc_custom_1613413591713{margin-top: 15px !important;}&#8221; el_id=&#8221;home-a&#8221;]<\/p>\n<p style=\"text-align: right; font-size: 16px;\"><a style=\"font-weight: 600;\" href=\"\/leistungen\/\">Alle Dienstleistungen <i class=\"vc_btn3-icon stm-amsterdam-arrow\" style=\"font-size: 10px;\"><\/i><\/a><\/p>\n<p>[\/vc_column_text][\/vc_column_inner][\/vc_row_inner][stm_spacing lg_spacing=&#8221;30&#8243; md_spacing=&#8221;30&#8243; sm_spacing=&#8221;30&#8243; xs_spacing=&#8221;30&#8243;][vc_separator color=&#8221;custom&#8221; accent_color=&#8221;rgba(33,33,33,0.3)&#8221;][vc_row_inner][vc_column_inner width=&#8221;1\/2&#8243;][vc_empty_space height=&#8221;40px&#8221;][vc_column_text]<\/p>\n<p style=\"text-align: justify;\">Mit einem ausgew\u00e4hlten Netzwerk von Partnern und Vertretern in europ\u00e4ischen L\u00e4ndern und mit unsere langj\u00e4hrige Erfahrung in der Industrie, sind wir in der Lage die Waren schnell und sicher zu transportieren.<\/p>\n<p style=\"text-align: justify;\">Wir k\u00f6nnen Ihnen die passende Option anbieten, z.B. Stra\u00dfentransport, Schifttransport, Lufttransport und gehen auch gerne auf Ihre W\u00fcnsche ein.<\/p>\n<p style=\"text-align: justify;\">Durch unseres gro\u00dfes und vertrauensw\u00fcrdigen Netzwerk, bieten wir Ihnen ein Vollst\u00e4ndiges, flexibles und wettbewerbsf\u00e4higes Leistungssprektrum.<\/p>\n<p>[\/vc_column_text][vc_empty_space height=&#8221;40px&#8221;][vc_column_text]<\/p>\n<blockquote style=\"background-color: #ffffff;\"><p><span style=\"color: #ffffff;\">Unser Hauptanliegen ist Ihr sofortiger und best\u00e4ndiger Service<\/span><\/p><\/blockquote>\n<p>[\/vc_column_text][\/vc_column_inner][vc_column_inner width=&#8221;1\/2&#8243;][vc_single_image image=&#8221;7288&#8243; img_size=&#8221;full&#8221; alignment=&#8221;center&#8221;][\/vc_column_inner][\/vc_row_inner][stm_spacing lg_spacing=&#8221;92&#8243; md_spacing=&#8221;92&#8243; sm_spacing=&#8221;80&#8243; xs_spacing=&#8221;60&#8243;][\/vc_column][\/vc_row][vc_row full_width=&#8221;stretch_row&#8221; disable_element=&#8221;yes&#8221; css=&#8221;.vc_custom_1613054508757{background-image: url(https:\/\/olympic-hellas.gr\/wp-content\/uploads\/2021\/02\/stock-photo-website-and-internet-contact-us-page-concept-with-white-icons-on-a-blackboard-1056676853-1.jpg?id=7216) !important;background-position: center !important;background-repeat: no-repeat !important;background-size: cover !important;}&#8221;][vc_column][stm_spacing lg_spacing=&#8221;74&#8243; md_spacing=&#8221;74&#8243; sm_spacing=&#8221;50&#8243; xs_spacing=&#8221;60&#8243;][vc_row_inner content_placement=&#8221;middle&#8221;][vc_column_inner width=&#8221;1\/12&#8243; offset=&#8221;vc_hidden-lg vc_hidden-md vc_hidden-xs&#8221;][\/vc_column_inner][vc_column_inner el_class=&#8221;mobile_align_center&#8221; width=&#8221;5\/6&#8243; offset=&#8221;vc_col-lg-9 vc_col-md-9&#8243;][vc_column_text css=&#8221;.vc_custom_1613052734250{margin-bottom: 0px !important;}&#8221;]<\/p>\n<h3 class=\"no_stripe\" style=\"font-size: 30px; padding-top: 0;\"><span style=\"color: #ffffff;\">\u0395\u03b3\u03b3\u03c1\u03b1\u03c6\u03b5\u03af\u03c4\u03b5 \u03c3\u03c4\u03bf Newsletter \u03bc\u03b1\u03c2<\/span><\/h3>\n<p>[\/vc_column_text][stm_spacing lg_spacing=&#8221;0&#8243; md_spacing=&#8221;0&#8243; sm_spacing=&#8221;30&#8243; xs_spacing=&#8221;30&#8243;][\/vc_column_inner][vc_column_inner width=&#8221;1\/12&#8243; offset=&#8221;vc_hidden-lg vc_hidden-md vc_hidden-xs&#8221;][\/vc_column_inner][vc_column_inner offset=&#8221;vc_col-lg-3 vc_col-md-3&#8243;][vc_column_text][mc4wp_form id=&#8221;7230&#8243;][\/vc_column_text][\/vc_column_inner][\/vc_row_inner][stm_spacing lg_spacing=&#8221;76&#8243; md_spacing=&#8221;76&#8243; sm_spacing=&#8221;60&#8243; xs_spacing=&#8221;60&#8243;][\/vc_column][\/vc_row][vc_row full_width=&#8221;stretch_row&#8221; equal_height=&#8221;yes&#8221; disable_element=&#8221;yes&#8221; css=&#8221;.vc_custom_1613549805309{background: #002e5b url(https:\/\/olympic-hellas.gr\/wp-content\/uploads\/2021\/02\/shutterstock_1432300199.jpg?id=7328) !important;background-position: center !important;background-repeat: no-repeat !important;background-size: cover !important;}&#8221; el_id=&#8221;request-form&#8221;][vc_column stretch=&#8221;left&#8221; width=&#8221;2\/3&#8243; css=&#8221;.vc_custom_1613052969910{background-position: center !important;background-repeat: no-repeat !important;background-size: cover !important;}&#8221; offset=&#8221;vc_hidden-md vc_hidden-sm vc_hidden-xs&#8221;][\/vc_column][vc_column width=&#8221;1\/3&#8243; css=&#8221;.vc_custom_1613142822754{padding-top: 20px !important;padding-right: 30px !important;padding-bottom: 20px !important;padding-left: 30px !important;}&#8221; offset=&#8221;vc_hidden-md vc_hidden-sm vc_hidden-xs&#8221; el_id=&#8221;prosfora&#8221;][stm_spacing lg_spacing=&#8221;60&#8243; md_spacing=&#8221;60&#8243; sm_spacing=&#8221;60&#8243; xs_spacing=&#8221;40&#8243;][vc_custom_heading stripe_pos=&#8221;between&#8221; text=&#8221;Fordern Sie ein Angebot an&#8221; font_container=&#8221;tag:h2|text_align:left|color:%230aad4b&#8221; use_theme_fonts=&#8221;yes&#8221; css=&#8221;.vc_custom_1613413602416{margin-bottom: 52px !important;}&#8221; el_class=&#8221;stripe_second_color&#8221;]\n<div class=\"wpcf7 no-js\" id=\"wpcf7-f7372-o1\" lang=\"en-US\" dir=\"ltr\" data-wpcf7-id=\"7372\">\n<div class=\"screen-reader-response\"><p role=\"status\" aria-live=\"polite\" aria-atomic=\"true\"><\/p> <ul><\/ul><\/div>\n<form action=\"\/de\/wp-json\/wp\/v2\/pages\/7393#wpcf7-f7372-o1\" method=\"post\" class=\"wpcf7-form init\" aria-label=\"Contact form\" novalidate=\"novalidate\" data-status=\"init\">\n<div style=\"display: none;\">\n<input type=\"hidden\" name=\"_wpcf7\" value=\"7372\" \/>\n<input type=\"hidden\" name=\"_wpcf7_version\" value=\"6.0.6\" \/>\n<input type=\"hidden\" name=\"_wpcf7_locale\" value=\"en_US\" \/>\n<input type=\"hidden\" name=\"_wpcf7_unit_tag\" value=\"wpcf7-f7372-o1\" \/>\n<input type=\"hidden\" name=\"_wpcf7_container_post\" value=\"0\" \/>\n<input type=\"hidden\" name=\"_wpcf7_posted_data_hash\" value=\"\" \/>\n<input type=\"hidden\" name=\"_wpcf7_recaptcha_response\" value=\"\" \/>\n<\/div>\n<div class=\"request_callback\">\n        <div class=\"input-group\">\n            <span class=\"wpcf7-form-control-wrap\" data-name=\"text-name\"><input size=\"40\" maxlength=\"400\" class=\"wpcf7-form-control wpcf7-text wpcf7-validates-as-required\" aria-required=\"true\" aria-invalid=\"false\" placeholder=\"Name *\" value=\"\" type=\"text\" name=\"text-name\" \/><\/span>\n        <\/div>\n        <div class=\"input-group\">\n            <span class=\"wpcf7-form-control-wrap\" data-name=\"email\"><input size=\"40\" maxlength=\"400\" class=\"wpcf7-form-control wpcf7-email wpcf7-validates-as-required wpcf7-text wpcf7-validates-as-email\" aria-required=\"true\" aria-invalid=\"false\" placeholder=\"E-mail *\" value=\"\" type=\"email\" name=\"email\" \/><\/span>\n        <\/div>\n<div class=\"input-group\">\n            <span class=\"wpcf7-form-control-wrap\" data-name=\"tel\"><input size=\"40\" maxlength=\"400\" class=\"wpcf7-form-control wpcf7-tel wpcf7-validates-as-required wpcf7-text wpcf7-validates-as-tel\" aria-required=\"true\" aria-invalid=\"false\" placeholder=\"Telefonnummer *\" value=\"\" type=\"tel\" name=\"tel\" \/><\/span>\n        <\/div>\n        <div class=\"input-group\">\n            <span class=\"wpcf7-form-control-wrap\" data-name=\"subject\"><input size=\"40\" maxlength=\"400\" class=\"wpcf7-form-control wpcf7-text wpcf7-validates-as-required\" aria-required=\"true\" aria-invalid=\"false\" placeholder=\"Betreff *\" value=\"\" type=\"text\" name=\"subject\" \/><\/span>\n        <\/div>\n<div class=\"input-group\">\n            <span class=\"wpcf7-form-control-wrap\" data-name=\"message\"><textarea cols=\"40\" rows=\"10\" maxlength=\"2000\" class=\"wpcf7-form-control wpcf7-textarea wpcf7-validates-as-required height147\" aria-required=\"true\" aria-invalid=\"false\" placeholder=\"Ihre Nachricht an uns *\" name=\"message\"><\/textarea><\/span>\n        <\/div>\n        <div class=\"input-group\">\n            <button type=\"submit\" class=\"button size-lg icon_right\">Senden<i class=\"fa fa-chevron-right\"><\/i><\/button>\n        <\/div>\n<\/div><div class=\"wpcf7-response-output\" aria-hidden=\"true\"><\/div>\n<\/form>\n<\/div>\n[stm_spacing lg_spacing=&#8221;85&#8243; md_spacing=&#8221;85&#8243; sm_spacing=&#8221;80&#8243; xs_spacing=&#8221;60&#8243;][\/vc_column][\/vc_row][vc_row full_width=&#8221;stretch_row&#8221; equal_height=&#8221;yes&#8221; css=&#8221;.vc_custom_1613549715855{background-image: url(https:\/\/olympic-hellas.gr\/wp-content\/uploads\/2021\/02\/shutterstock_1432300199.jpg?id=7330) !important;background-position: center !important;background-repeat: no-repeat !important;background-size: cover !important;}&#8221;][vc_column width=&#8221;2\/3&#8243;][\/vc_column][vc_column width=&#8221;1\/3&#8243; el_id=&#8221;prosfora&#8221;][stm_spacing lg_spacing=&#8221;60&#8243; md_spacing=&#8221;60&#8243; sm_spacing=&#8221;60&#8243; xs_spacing=&#8221;40&#8243;][vc_custom_heading stripe_pos=&#8221;between&#8221; text=&#8221;Fordern Sie ein Angebot an&#8221; font_container=&#8221;tag:h2|text_align:left|color:%230aad4b&#8221; use_theme_fonts=&#8221;yes&#8221; css=&#8221;.vc_custom_1613413602416{margin-bottom: 52px !important;}&#8221; el_class=&#8221;stripe_second_color&#8221;]\n<div class=\"wpcf7 no-js\" id=\"wpcf7-f7372-o2\" lang=\"en-US\" dir=\"ltr\" data-wpcf7-id=\"7372\">\n<div class=\"screen-reader-response\"><p role=\"status\" aria-live=\"polite\" aria-atomic=\"true\"><\/p> <ul><\/ul><\/div>\n<form action=\"\/de\/wp-json\/wp\/v2\/pages\/7393#wpcf7-f7372-o2\" method=\"post\" class=\"wpcf7-form init\" aria-label=\"Contact form\" novalidate=\"novalidate\" data-status=\"init\">\n<div style=\"display: none;\">\n<input type=\"hidden\" name=\"_wpcf7\" value=\"7372\" \/>\n<input type=\"hidden\" name=\"_wpcf7_version\" value=\"6.0.6\" \/>\n<input type=\"hidden\" name=\"_wpcf7_locale\" value=\"en_US\" \/>\n<input type=\"hidden\" name=\"_wpcf7_unit_tag\" value=\"wpcf7-f7372-o2\" \/>\n<input type=\"hidden\" name=\"_wpcf7_container_post\" value=\"0\" \/>\n<input type=\"hidden\" name=\"_wpcf7_posted_data_hash\" value=\"\" \/>\n<input type=\"hidden\" name=\"_wpcf7_recaptcha_response\" value=\"\" \/>\n<\/div>\n<div class=\"request_callback\">\n        <div class=\"input-group\">\n            <span class=\"wpcf7-form-control-wrap\" data-name=\"text-name\"><input size=\"40\" maxlength=\"400\" class=\"wpcf7-form-control wpcf7-text wpcf7-validates-as-required\" aria-required=\"true\" aria-invalid=\"false\" placeholder=\"Name *\" value=\"\" type=\"text\" name=\"text-name\" \/><\/span>\n        <\/div>\n        <div class=\"input-group\">\n            <span class=\"wpcf7-form-control-wrap\" data-name=\"email\"><input size=\"40\" maxlength=\"400\" class=\"wpcf7-form-control wpcf7-email wpcf7-validates-as-required wpcf7-text wpcf7-validates-as-email\" aria-required=\"true\" aria-invalid=\"false\" placeholder=\"E-mail *\" value=\"\" type=\"email\" name=\"email\" \/><\/span>\n        <\/div>\n<div class=\"input-group\">\n            <span class=\"wpcf7-form-control-wrap\" data-name=\"tel\"><input size=\"40\" maxlength=\"400\" class=\"wpcf7-form-control wpcf7-tel wpcf7-validates-as-required wpcf7-text wpcf7-validates-as-tel\" aria-required=\"true\" aria-invalid=\"false\" placeholder=\"Telefonnummer *\" value=\"\" type=\"tel\" name=\"tel\" \/><\/span>\n        <\/div>\n        <div class=\"input-group\">\n            <span class=\"wpcf7-form-control-wrap\" data-name=\"subject\"><input size=\"40\" maxlength=\"400\" class=\"wpcf7-form-control wpcf7-text wpcf7-validates-as-required\" aria-required=\"true\" aria-invalid=\"false\" placeholder=\"Betreff *\" value=\"\" type=\"text\" name=\"subject\" \/><\/span>\n        <\/div>\n<div class=\"input-group\">\n            <span class=\"wpcf7-form-control-wrap\" data-name=\"message\"><textarea cols=\"40\" rows=\"10\" maxlength=\"2000\" class=\"wpcf7-form-control wpcf7-textarea wpcf7-validates-as-required height147\" aria-required=\"true\" aria-invalid=\"false\" placeholder=\"Ihre Nachricht an uns *\" name=\"message\"><\/textarea><\/span>\n        <\/div>\n        <div class=\"input-group\">\n            <button type=\"submit\" class=\"button size-lg icon_right\">Senden<i class=\"fa fa-chevron-right\"><\/i><\/button>\n        <\/div>\n<\/div><div class=\"wpcf7-response-output\" aria-hidden=\"true\"><\/div>\n<\/form>\n<\/div>\n[stm_spacing lg_spacing=&#8221;85&#8243; md_spacing=&#8221;85&#8243; sm_spacing=&#8221;80&#8243; xs_spacing=&#8221;60&#8243;][\/vc_column][\/vc_row]<\/p>\n<\/div>","protected":false},"excerpt":{"rendered":"<p>[vc_row][vc_column][rev_slider_vc alias=&#8221;highlight-carousel7-en-1&#8243;][\/vc_column][\/vc_row][vc_row][vc_column][stm_spacing lg_spacing=&#8221;92&#8243; md_spacing=&#8221;92&#8243; sm_spacing=&#8221;92&#8243; xs_spacing=&#8221;65&#8243;][vc_row_inner content_placement=&#8221;middle&#8221;][vc_column_inner offset=&#8221;vc_col-lg-8 vc_col-md-8&#8243;][vc_custom_heading stripe_pos=&#8221;hide&#8221; text=&#8221;\u00abTransport, unser Beruf\u00bb&#8221; font_container=&#8221;tag:h2|font_size:30px|text_align:left&#8221; use_theme_fonts=&#8221;yes&#8221; el_class=&#8221;hide_indents mobile_align_center&#8221;][\/vc_column_inner][vc_column_inner el_class=&#8221;mobile_align_center&#8221; offset=&#8221;vc_col-lg-4 vc_col-md-4&#8243;][vc_column_text css=&#8221;.vc_custom_1613413591713{margin-top: 15px !important;}&#8221; el_id=&#8221;home-a&#8221;] Alle Dienstleistungen [\/vc_column_text][\/vc_column_inner][\/vc_row_inner][stm_spacing lg_spacing=&#8221;30&#8243; md_spacing=&#8221;30&#8243; sm_spacing=&#8221;30&#8243; xs_spacing=&#8221;30&#8243;][vc_separator color=&#8221;custom&#8221; accent_color=&#8221;rgba(33,33,33,0.3)&#8221;][vc_row_inner][vc_column_inner width=&#8221;1\/2&#8243;][vc_empty_space height=&#8221;40px&#8221;][vc_column_text] Mit einem ausgew\u00e4hlten Netzwerk von Partnern und Vertretern in europ\u00e4ischen L\u00e4ndern und mit unsere langj\u00e4hrige Erfahrung in der Industrie, sind<\/p>\n","protected":false},"author":1,"featured_media":0,"parent":0,"menu_order":0,"comment_status":"closed","ping_status":"closed","template":"","meta":{"footnotes":""},"class_list":["post-7393","page","type-page","status-publish","hentry"],"_links":{"self":[{"href":"https:\/\/olympic-hellas.gr\/de\/wp-json\/wp\/v2\/pages\/7393","targetHints":{"allow":["GET"]}}],"collection":[{"href":"https:\/\/olympic-hellas.gr\/de\/wp-json\/wp\/v2\/pages"}],"about":[{"href":"https:\/\/olympic-hellas.gr\/de\/wp-json\/wp\/v2\/types\/page"}],"author":[{"embeddable":true,"href":"https:\/\/olympic-hellas.gr\/de\/wp-json\/wp\/v2\/users\/1"}],"replies":[{"embeddable":true,"href":"https:\/\/olympic-hellas.gr\/de\/wp-json\/wp\/v2\/comments?post=7393"}],"version-history":[{"count":14,"href":"https:\/\/olympic-hellas.gr\/de\/wp-json\/wp\/v2\/pages\/7393\/revisions"}],"predecessor-version":[{"id":7426,"href":"https:\/\/olympic-hellas.gr\/de\/wp-json\/wp\/v2\/pages\/7393\/revisions\/7426"}],"wp:attachment":[{"href":"https:\/\/olympic-hellas.gr\/de\/wp-json\/wp\/v2\/media?parent=7393"}],"curies":[{"name":"wp","href":"https:\/\/api.w.org\/{rel}","templated":true}]}}